{"id":239487,"date":"2022-03-06T18:28:02","date_gmt":"2022-03-06T18:28:02","guid":{"rendered":"https:\/\/www.warstoriesukraine.com\/about\/"},"modified":"2022-04-11T11:51:08","modified_gmt":"2022-04-11T11:51:08","slug":"about","status":"publish","type":"page","link":"https:\/\/www.warstoriesukraine.com\/da\/about\/","title":{"rendered":"Om os"},"content":{"rendered":"<p>[et_pb_section fb_built=&#8221;1&#8243; _builder_version=&#8221;4.14.8&#8243; _module_preset=&#8221;default&#8221; background_color=&#8221;#FFFFFF&#8221; custom_padding=&#8221;0px||||false|false&#8221; global_colors_info=&#8221;{}&#8221;][et_pb_row use_custom_gutter=&#8221;on&#8221; make_equal=&#8221;on&#8221; _builder_version=&#8221;4.14.8&#8243; _module_preset=&#8221;default&#8221; background_color=&#8221;#FFFFFF&#8221; global_colors_info=&#8221;{}&#8221;][et_pb_column type=&#8221;4_4&#8243; _builder_version=&#8221;4.14.8&#8243; _module_preset=&#8221;default&#8221; global_colors_info=&#8221;{}&#8221;][et_pb_text _builder_version=&#8221;4.14.8&#8243; _module_preset=&#8221;default&#8221; text_font=&#8221;|600|||||||&#8221; background_color=&#8221;#FFFFFF&#8221; custom_margin=&#8221;-30px|||||&#8221; custom_padding=&#8221;25px|25px|25px|25px|true|true&#8221; border_radii=&#8221;on|3px|3px|3px|3px&#8221; global_colors_info=&#8221;{}&#8221;]<\/p>\n<h1 style=\"text-align: center;\">Om os<\/h1>\n<p>[\/et_pb_text][et_pb_text _builder_version=&#8221;4.14.8&#8243; _module_preset=&#8221;default&#8221; text_font=&#8221;|300|||||||&#8221; background_color=&#8221;#FFFFFF&#8221; width=&#8221;60%&#8221; width_tablet=&#8221;100%&#8221; width_phone=&#8221;100%&#8221; width_last_edited=&#8221;on|tablet&#8221; module_alignment=&#8221;center&#8221; custom_margin=&#8221;-30px|-1px||||&#8221; custom_padding=&#8221;25px||25px||true|false&#8221; custom_padding_tablet=&#8221;25px||25px||true|false&#8221; custom_padding_phone=&#8221;25px||25px||true|false&#8221; custom_padding_last_edited=&#8221;on|tablet&#8221; border_radii=&#8221;on|3px|3px|3px|3px&#8221; global_colors_info=&#8221;{}&#8221;]<\/p>\n<p><span style=\"font-weight: 400;\">Vi er et hold af professionelle journalister, redakt\u00f8rer, illustratorer, overs\u00e6ttere, kommunikat\u00f8rer og designere. Vi samler, optager, og fort\u00e6ller menneskers historie under Ruslands krig imod Ukraine.<\/span><\/p>\n<p><span style=\"font-weight: 400;\">Vi taler med folk, som har boet i beskyttelsesrum og k\u00e6lderrum i ugevis; Mennesker som ikke har vand, mad og elektricitet; Mennesker som pr\u00f8ver at forlade de besatte og omringede byer med livet som indsats; Mennesker som har mistet deres k\u00e6re under granatnedslag og bomber fra det russiske milit\u00e6r i deres byer; Mennesker som f\u00f8der b\u00f8rn i k\u00e6ldre.<\/span><\/p>\n<p><span style=\"font-weight: 400;\">Vi optager dagliglivet, tanker og f\u00f8lelser hos mennesker, der har mistet deres hjem, mennesker som tager til fronten for at k\u00e6mpe, mennesker som er frivillige, som forsvarer deres eget folk, som frygter og sl\u00e5s.<\/span><\/p>\n<p><span style=\"font-weight: 400;\">Vi overs\u00e6tter deres historier til mere end ti sprog, for at vise det menneskelige ansigt p\u00e5 Ruslands krig mod Ukraine &#8211; til hele verden.<\/span><\/p>\n<p><span style=\"font-weight: 400;\">Vi opfordrer ogs\u00e5 udl\u00e6ndinge i alle lande, til at g\u00e5 ud at protestere, til at kr\u00e6ve at deres regeringer skaffer Ukraine fly og lukker luftrummet, for at st\u00f8tte ukrainske flygtninge, formidle information om krigsforbrydelser, boykotte russiske r\u00e5varer og kulturelle produkter, st\u00f8tte frivillige, og donere til organisationer, som st\u00f8tter Ukraine under krigen.<\/span><\/p>\n<p><span style=\"font-weight: 400;\">Del dine historier med mennesker i udlandet. Spred sandheden om situationen i Ukraine. Denne krig har betydning for os alle. Denne krig er for frihed og menneskelighed.<\/span><\/p>\n<p>[\/et_pb_text][\/et_pb_column][\/et_pb_row][\/et_pb_section]<\/p>\n","protected":false},"excerpt":{"rendered":"<p>Om osVi er et hold af professionelle journalister, redakt\u00f8rer, illustratorer, overs\u00e6ttere, kommunikat\u00f8rer og designere. Vi samler, optager, og fort\u00e6ller menneskers historie under Ruslands krig imod Ukraine. Vi taler med folk, som har boet i beskyttelsesrum og k\u00e6lderrum i ugevis; Mennesker som ikke har vand, mad og elektricitet; Mennesker som pr\u00f8ver at forlade de besatte og [&hellip;]<\/p>\n","protected":false},"author":2,"featured_media":238924,"parent":0,"menu_order":0,"comment_status":"closed","ping_status":"closed","template":"","meta":{"_et_pb_use_builder":"on","_et_pb_old_content":"<p>Hi there! A group of journalists, illustrators and translators in Ukraine have created pages on Facebook and Instagram titled War. Stories from Ukraine. They record and tell the stories of Ukrainian men and women who suddenly found themselves amid war\u2014 at 5 am on Thursday, February 24, just in their beds.<\/p><p>How do Ukrainians feel, what are they afraid of, what did they take with them as they were running away from their homes and why did they stay in cities currently attacked by Grad rocket launchers? What does their life look like under fire? Where do they find strength to help others? What are they afraid of and what do they dream about?<\/p><p>When they wake up, they don\u2019t know if they still have a home. Many no longer have it, and some are losing them for the second time: in 2014, they were forced to flee the Donetsk and Luhansk Regions and the Crimea which were occupied by Russia.<\/p><p>These people worked as waitresses, lawyers, owned grocery stores, drove a taxi, studied and lived the same life as everyone else in Europe. With the only difference that Russia was nearby.<\/p><p>Stories are now available in Ukrainian, English, French, German, Spanish, Lithuanian, Polish, Czech, and Swedish. Share these stories with your friends and acquaintances. War has a human face.<\/p><p>Facebook in English:<a href=\"https:\/\/www.facebook.com\/war.stories.from.ukraine\" target=\"_blank\" rel=\"noopener\"> https:\/\/www.facebook.com\/war.stories.from.ukraine<\/a><\/p><p>Instagram in Ukrainian, English, French, German, Spanish, Lithuanian, Polish, Czech and Swedish: <a title=\"https:\/\/www.instagram.com\/war.stories.from.ukraine\" href=\"https:\/\/www.instagram.com\/war.stories.from.ukraine\" target=\"_blank\" rel=\"noopener\">https:\/\/www.instagram.com\/war.stories.from.ukraine<\/a><\/p>","_et_gb_content_width":"","_links_to":"","_links_to_target":""},"_links":{"self":[{"href":"https:\/\/www.warstoriesukraine.com\/da\/wp-json\/wp\/v2\/pages\/239487"}],"collection":[{"href":"https:\/\/www.warstoriesukraine.com\/da\/wp-json\/wp\/v2\/pages"}],"about":[{"href":"https:\/\/www.warstoriesukraine.com\/da\/wp-json\/wp\/v2\/types\/page"}],"author":[{"embeddable":true,"href":"https:\/\/www.warstoriesukraine.com\/da\/wp-json\/wp\/v2\/users\/2"}],"replies":[{"embeddable":true,"href":"https:\/\/www.warstoriesukraine.com\/da\/wp-json\/wp\/v2\/comments?post=239487"}],"version-history":[{"count":7,"href":"https:\/\/www.warstoriesukraine.com\/da\/wp-json\/wp\/v2\/pages\/239487\/revisions"}],"predecessor-version":[{"id":244914,"href":"https:\/\/www.warstoriesukraine.com\/da\/wp-json\/wp\/v2\/pages\/239487\/revisions\/244914"}],"wp:featuredmedia":[{"embeddable":true,"href":"https:\/\/www.warstoriesukraine.com\/da\/wp-json\/wp\/v2\/media\/238924"}],"wp:attachment":[{"href":"https:\/\/www.warstoriesukraine.com\/da\/wp-json\/wp\/v2\/media?parent=239487"}],"curies":[{"name":"wp","href":"https:\/\/api.w.org\/{rel}","templated":true}]}}