{"id":238590,"date":"2022-03-06T18:28:02","date_gmt":"2022-03-06T18:28:02","guid":{"rendered":"https:\/\/www.warstoriesukraine.com\/about\/"},"modified":"2022-04-11T11:54:35","modified_gmt":"2022-04-11T11:54:35","slug":"about","status":"publish","type":"page","link":"https:\/\/www.warstoriesukraine.com\/de\/about\/","title":{"rendered":"\u00dcber uns"},"content":{"rendered":"<p>[et_pb_section fb_built=&#8220;1&#8243; _builder_version=&#8220;4.14.8&#8243; _module_preset=&#8220;default&#8220; background_color=&#8220;#FFFFFF&#8220; custom_padding=&#8220;0px||||false|false&#8220; global_colors_info=&#8220;{}&#8220;][et_pb_row use_custom_gutter=&#8220;on&#8220; make_equal=&#8220;on&#8220; _builder_version=&#8220;4.14.8&#8243; _module_preset=&#8220;default&#8220; custom_margin=&#8220;|||auto|false|false&#8220; global_colors_info=&#8220;{}&#8220;][et_pb_column type=&#8220;4_4&#8243; _builder_version=&#8220;4.14.8&#8243; _module_preset=&#8220;default&#8220; global_colors_info=&#8220;{}&#8220;][et_pb_text _builder_version=&#8220;4.14.8&#8243; _module_preset=&#8220;default&#8220; text_font=&#8220;|300|||||||&#8220; header_font=&#8220;||||||||&#8220; header_text_align=&#8220;center&#8220; background_color=&#8220;#FFFFFF&#8220; text_orientation=&#8220;center&#8220; custom_margin=&#8220;-30px|||||&#8220; custom_padding=&#8220;25px|25px|25px|25px|true|true&#8220; border_radii=&#8220;on|3px|3px|3px|3px&#8220; global_colors_info=&#8220;{}&#8220;]<\/p>\n<h1>\u00dcber uns<\/h1>\n<p>[\/et_pb_text][et_pb_text _builder_version=&#8220;4.14.8&#8243; _module_preset=&#8220;default&#8220; text_font=&#8220;|300|||||||&#8220; background_color=&#8220;#FFFFFF&#8220; width=&#8220;60%&#8220; width_tablet=&#8220;100%&#8220; width_phone=&#8220;100%&#8220; width_last_edited=&#8220;on|tablet&#8220; module_alignment=&#8220;center&#8220; custom_margin=&#8220;-30px|-1px||||&#8220; custom_padding=&#8220;25px||25px||true|false&#8220; custom_padding_tablet=&#8220;25px||25px||true|false&#8220; custom_padding_phone=&#8220;25px||25px||true|false&#8220; custom_padding_last_edited=&#8220;on|tablet&#8220; border_radii=&#8220;on|3px|3px|3px|3px&#8220; global_colors_info=&#8220;{}&#8220;]<\/p>\n<p><span style=\"font-weight: 400;\">Wir sind ein Team professioneller JournalistInnen, RedaktorInnen, IllustratorInnen, \u00dcbersetzerInnen, KommunikationsmanagerInnen und DesignerInnen. Wir sammeln, nehmen auf und erz\u00e4hlen Geschichten der Menschen w\u00e4hrend des gro\u00dfangelegten Krieges, den Russland gegen die Ukraine begonnen hat.\u00a0\u00a0<\/span><\/p>\n<p><span style=\"font-weight: 400;\">Wir sprechen mit Menschen, die bereits seit Wochen in Luftschutzbunkern und Kellern leben. Ohne Wasser-, Strom- und Essensversorgung. Ihr Leben riskierend, bem\u00fchen sie sich aus den besetzten und umzingelten St\u00e4dtchen herauszukommen. Sie haben bereits ihre geliebten Menschen w\u00e4hrend der Besch\u00fcsse und der Bombardierungen verloren. Sie helfen bei Geburten in Kellern.\u00a0<\/span><\/p>\n<p><span style=\"font-weight: 400;\">Wir halten das Alltagsleben, die Gedanken und Emotionen der Menschen fest, die ihr Haus verloren haben, die in den Krieg ziehen, sich ehrenamtlich engagieren, ihre geliebten Menschen besch\u00fctzen, sich f\u00fcrchten und k\u00e4mpfen.\u00a0<\/span><\/p>\n<p><span style=\"font-weight: 400;\">Wir \u00fcbersetzen Geschichten in \u00fcber zehn Fremdsprachen, damit das menschliche Kriegsgesicht Russlands gegen die Ukraine in der ganzen Welt gesehen wird.\u00a0<\/span><\/p>\n<p><span style=\"font-weight: 400;\">Dar\u00fcber hinaus rufen wir Ausl\u00e4nder in allen L\u00e4ndern der Welt auf, zu Protesten zu gehen, von ihren Regierungen zu fordern, der Ukraine Flugzeuge zur Verf\u00fcgung zu stellen oder den Himmel zu schlie\u00dfen, Gefl\u00fcchtete aus der Ukraine zu unterst\u00fctzen, Information \u00fcber das Verbrechen zu verbreiten, russische Waren und das russische Kulturprodukt zu boykottieren, den Freiwilligen zu helfen und den Organisationen finanzielle Hilfe zu leisten, die die Ukraine in der Kriegszeit unterst\u00fctzen.\u00a0<\/span><\/p>\n<p><span style=\"font-weight: 400;\">Teilen Sie diese Geschichten mit Menschen im Ausland. Erz\u00e4hlen Sie die Wahrheit dar\u00fcber, was in der Ukraine tats\u00e4chlich passiert. Dieser Krieg betrifft jede und jeden, dies ist ein Krieg f\u00fcr die Freiheit und die Menschlichkeit. <\/span><\/p>\n<p>[\/et_pb_text][\/et_pb_column][\/et_pb_row][\/et_pb_section]<\/p>\n","protected":false},"excerpt":{"rendered":"<p>\u00dcber unsWir sind ein Team professioneller JournalistInnen, RedaktorInnen, IllustratorInnen, \u00dcbersetzerInnen, KommunikationsmanagerInnen und DesignerInnen. Wir sammeln, nehmen auf und erz\u00e4hlen Geschichten der Menschen w\u00e4hrend des gro\u00dfangelegten Krieges, den Russland gegen die Ukraine begonnen hat.\u00a0\u00a0 Wir sprechen mit Menschen, die bereits seit Wochen in Luftschutzbunkern und Kellern leben. Ohne Wasser-, Strom- und Essensversorgung. Ihr Leben riskierend, bem\u00fchen [&hellip;]<\/p>\n","protected":false},"author":2,"featured_media":237956,"parent":0,"menu_order":0,"comment_status":"closed","ping_status":"closed","template":"","meta":{"_et_pb_use_builder":"on","_et_pb_old_content":"<p>Hi there! A group of journalists, illustrators and translators in Ukraine have created pages on Facebook and Instagram titled War. Stories from Ukraine. They record and tell the stories of Ukrainian men and women who suddenly found themselves amid war\u2014 at 5 am on Thursday, February 24, just in their beds.<\/p><p>How do Ukrainians feel, what are they afraid of, what did they take with them as they were running away from their homes and why did they stay in cities currently attacked by Grad rocket launchers? What does their life look like under fire? Where do they find strength to help others? What are they afraid of and what do they dream about?<\/p><p>When they wake up, they don\u2019t know if they still have a home. Many no longer have it, and some are losing them for the second time: in 2014, they were forced to flee the Donetsk and Luhansk Regions and the Crimea which were occupied by Russia.<\/p><p>These people worked as waitresses, lawyers, owned grocery stores, drove a taxi, studied and lived the same life as everyone else in Europe. With the only difference that Russia was nearby.<\/p><p>Stories are now available in Ukrainian, English, French, German, Spanish, Lithuanian, Polish, Czech, and Swedish. Share these stories with your friends and acquaintances. War has a human face.<\/p><p>Facebook in English:<a href=\"https:\/\/www.facebook.com\/war.stories.from.ukraine\" target=\"_blank\" rel=\"noopener\"> https:\/\/www.facebook.com\/war.stories.from.ukraine<\/a><\/p><p>Instagram in Ukrainian, English, French, German, Spanish, Lithuanian, Polish, Czech and Swedish: <a title=\"https:\/\/www.instagram.com\/war.stories.from.ukraine\" href=\"https:\/\/www.instagram.com\/war.stories.from.ukraine\" target=\"_blank\" rel=\"noopener\">https:\/\/www.instagram.com\/war.stories.from.ukraine<\/a><\/p>","_et_gb_content_width":"","_links_to":"","_links_to_target":""},"_links":{"self":[{"href":"https:\/\/www.warstoriesukraine.com\/de\/wp-json\/wp\/v2\/pages\/238590"}],"collection":[{"href":"https:\/\/www.warstoriesukraine.com\/de\/wp-json\/wp\/v2\/pages"}],"about":[{"href":"https:\/\/www.warstoriesukraine.com\/de\/wp-json\/wp\/v2\/types\/page"}],"author":[{"embeddable":true,"href":"https:\/\/www.warstoriesukraine.com\/de\/wp-json\/wp\/v2\/users\/2"}],"replies":[{"embeddable":true,"href":"https:\/\/www.warstoriesukraine.com\/de\/wp-json\/wp\/v2\/comments?post=238590"}],"version-history":[{"count":20,"href":"https:\/\/www.warstoriesukraine.com\/de\/wp-json\/wp\/v2\/pages\/238590\/revisions"}],"predecessor-version":[{"id":244919,"href":"https:\/\/www.warstoriesukraine.com\/de\/wp-json\/wp\/v2\/pages\/238590\/revisions\/244919"}],"wp:featuredmedia":[{"embeddable":true,"href":"https:\/\/www.warstoriesukraine.com\/de\/wp-json\/wp\/v2\/media\/237956"}],"wp:attachment":[{"href":"https:\/\/www.warstoriesukraine.com\/de\/wp-json\/wp\/v2\/media?parent=238590"}],"curies":[{"name":"wp","href":"https:\/\/api.w.org\/{rel}","templated":true}]}}