{"id":238591,"date":"2022-03-06T18:28:02","date_gmt":"2022-03-06T18:28:02","guid":{"rendered":"https:\/\/www.warstoriesukraine.com\/about\/"},"modified":"2022-04-11T11:51:59","modified_gmt":"2022-04-11T11:51:59","slug":"about","status":"publish","type":"page","link":"https:\/\/www.warstoriesukraine.com\/it\/about\/","title":{"rendered":"Chi siamo"},"content":{"rendered":"<p>[et_pb_section fb_built=&#8221;1&#8243; _builder_version=&#8221;4.14.8&#8243; _module_preset=&#8221;default&#8221; background_color=&#8221;#FFFFFF&#8221; custom_padding=&#8221;0px||||false|false&#8221; global_colors_info=&#8221;{}&#8221;][et_pb_row use_custom_gutter=&#8221;on&#8221; make_equal=&#8221;on&#8221; _builder_version=&#8221;4.14.8&#8243; _module_preset=&#8221;default&#8221; custom_margin=&#8221;|||auto|false|false&#8221; global_colors_info=&#8221;{}&#8221;][et_pb_column type=&#8221;4_4&#8243; _builder_version=&#8221;4.14.8&#8243; _module_preset=&#8221;default&#8221; global_colors_info=&#8221;{}&#8221;][et_pb_text _builder_version=&#8221;4.14.8&#8243; _module_preset=&#8221;default&#8221; text_font=&#8221;|300|||||||&#8221; header_font=&#8221;||||||||&#8221; header_text_align=&#8221;center&#8221; background_color=&#8221;#FFFFFF&#8221; text_orientation=&#8221;center&#8221; custom_margin=&#8221;-30px|||||&#8221; custom_padding=&#8221;25px|25px|25px|25px|true|true&#8221; border_radii=&#8221;on|3px|3px|3px|3px&#8221; global_colors_info=&#8221;{}&#8221;]<\/p>\n<h1><span style=\"font-weight: 400;\">Chi siamo <\/span><\/h1>\n<p>[\/et_pb_text][et_pb_text _builder_version=&#8221;4.14.8&#8243; _module_preset=&#8221;default&#8221; text_font=&#8221;|300|||||||&#8221; background_color=&#8221;#FFFFFF&#8221; width=&#8221;60%&#8221; width_tablet=&#8221;100%&#8221; width_phone=&#8221;100%&#8221; width_last_edited=&#8221;on|tablet&#8221; module_alignment=&#8221;center&#8221; custom_margin=&#8221;-30px|-1px||||&#8221; custom_padding=&#8221;25px||25px||true|false&#8221; custom_padding_tablet=&#8221;25px||25px||true|false&#8221; custom_padding_phone=&#8221;25px||25px||true|false&#8221; custom_padding_last_edited=&#8221;on|tablet&#8221; border_radii=&#8221;on|3px|3px|3px|3px&#8221; global_colors_info=&#8221;{}&#8221;]<\/p>\n<p><span style=\"font-weight: 400;\">Siamo un gruppo di professionisti: giornalisti e giornaliste, redattori e redattrici, grafici, traduttori e traduttrici, addetti e addette alla comunicazione, designer. Raccogliamo, registriamo e raccontiamo le testimonianze delle persone in merito alla guerra russa su vasta scala contro l\u2019Ucraina.<\/span><\/p>\n<p><span style=\"font-weight: 400;\">\u00a0Parliamo con persone che da settimane vivono nei rifugi e nelle cantine. Non hanno accesso all\u2019acqua, al cibo, n\u00e9 tantomeno alla corrente. Persone che pur rischiando la vita tentano di andarsene dalle citt\u00e0 occupate o accerchiate. Sono persone che hanno perso i propri cari a causa dei bombardamenti delle citt\u00e0 da parte dei militari russi. Persone che fanno nascere i bambini nelle cantine.<\/span><\/p>\n<p><span style=\"font-weight: 400;\">\u00a0Riportiamo la routine, i pensieri e le emozioni di coloro che hanno gi\u00e0 perso la propria casa, vanno in guerra, fanno volontariato, proteggono la propria famiglia, hanno paura e combattono.<\/span><\/p>\n<p><span style=\"font-weight: 400;\">\u00a0Traduciamo in pi\u00f9 di dieci lingue ogni storia affinch\u00e9 il volto umano della guerra russa contro l\u2019Ucraina venga visto in tutto il mondo.<\/span><\/p>\n<p><span style=\"font-weight: 400;\">\u00a0Chiediamo, inoltre, agli stranieri di tutti i paesi di scendere in piazza a manifestare, di rivendicare ai propri\u00a0 governi la fornitura dei jet all\u2019Ucraina oppure di chiudere il cielo, di sostenere, inoltre, i profughi ucraini, diffondere le informazioni sui crimini, boicottare i prodotti russi e ogni manifestazione o evento culturali, di sostenere i volontari e aiutare economicamente le organizzazioni che sostengono l\u2019Ucraina nel tempo di guerra.<\/span><\/p>\n<p>[\/et_pb_text][\/et_pb_column][\/et_pb_row][\/et_pb_section]<\/p>\n","protected":false},"excerpt":{"rendered":"<p>Chi siamo Siamo un gruppo di professionisti: giornalisti e giornaliste, redattori e redattrici, grafici, traduttori e traduttrici, addetti e addette alla comunicazione, designer. Raccogliamo, registriamo e raccontiamo le testimonianze delle persone in merito alla guerra russa su vasta scala contro l\u2019Ucraina. \u00a0Parliamo con persone che da settimane vivono nei rifugi e nelle cantine. Non hanno [&hellip;]<\/p>\n","protected":false},"author":2,"featured_media":238131,"parent":0,"menu_order":0,"comment_status":"closed","ping_status":"closed","template":"","meta":{"_et_pb_use_builder":"on","_et_pb_old_content":"<p>Hi there! A group of journalists, illustrators and translators in Ukraine have created pages on Facebook and Instagram titled War. Stories from Ukraine. They record and tell the stories of Ukrainian men and women who suddenly found themselves amid war\u2014 at 5 am on Thursday, February 24, just in their beds.<\/p><p>How do Ukrainians feel, what are they afraid of, what did they take with them as they were running away from their homes and why did they stay in cities currently attacked by Grad rocket launchers? What does their life look like under fire? Where do they find strength to help others? What are they afraid of and what do they dream about?<\/p><p>When they wake up, they don\u2019t know if they still have a home. Many no longer have it, and some are losing them for the second time: in 2014, they were forced to flee the Donetsk and Luhansk Regions and the Crimea which were occupied by Russia.<\/p><p>These people worked as waitresses, lawyers, owned grocery stores, drove a taxi, studied and lived the same life as everyone else in Europe. With the only difference that Russia was nearby.<\/p><p>Stories are now available in Ukrainian, English, French, German, Spanish, Lithuanian, Polish, Czech, and Swedish. Share these stories with your friends and acquaintances. War has a human face.<\/p><p>Facebook in English:<a href=\"https:\/\/www.facebook.com\/war.stories.from.ukraine\" target=\"_blank\" rel=\"noopener\"> https:\/\/www.facebook.com\/war.stories.from.ukraine<\/a><\/p><p>Instagram in Ukrainian, English, French, German, Spanish, Lithuanian, Polish, Czech and Swedish: <a title=\"https:\/\/www.instagram.com\/war.stories.from.ukraine\" href=\"https:\/\/www.instagram.com\/war.stories.from.ukraine\" target=\"_blank\" rel=\"noopener\">https:\/\/www.instagram.com\/war.stories.from.ukraine<\/a><\/p>","_et_gb_content_width":"","_links_to":"","_links_to_target":""},"_links":{"self":[{"href":"https:\/\/www.warstoriesukraine.com\/it\/wp-json\/wp\/v2\/pages\/238591"}],"collection":[{"href":"https:\/\/www.warstoriesukraine.com\/it\/wp-json\/wp\/v2\/pages"}],"about":[{"href":"https:\/\/www.warstoriesukraine.com\/it\/wp-json\/wp\/v2\/types\/page"}],"author":[{"embeddable":true,"href":"https:\/\/www.warstoriesukraine.com\/it\/wp-json\/wp\/v2\/users\/2"}],"replies":[{"embeddable":true,"href":"https:\/\/www.warstoriesukraine.com\/it\/wp-json\/wp\/v2\/comments?post=238591"}],"version-history":[{"count":20,"href":"https:\/\/www.warstoriesukraine.com\/it\/wp-json\/wp\/v2\/pages\/238591\/revisions"}],"predecessor-version":[{"id":244916,"href":"https:\/\/www.warstoriesukraine.com\/it\/wp-json\/wp\/v2\/pages\/238591\/revisions\/244916"}],"wp:featuredmedia":[{"embeddable":true,"href":"https:\/\/www.warstoriesukraine.com\/it\/wp-json\/wp\/v2\/media\/238131"}],"wp:attachment":[{"href":"https:\/\/www.warstoriesukraine.com\/it\/wp-json\/wp\/v2\/media?parent=238591"}],"curies":[{"name":"wp","href":"https:\/\/api.w.org\/{rel}","templated":true}]}}