{"id":238593,"date":"2022-03-06T18:28:02","date_gmt":"2022-03-06T18:28:02","guid":{"rendered":"https:\/\/www.warstoriesukraine.com\/about\/"},"modified":"2022-04-11T11:53:57","modified_gmt":"2022-04-11T11:53:57","slug":"about","status":"publish","type":"page","link":"https:\/\/www.warstoriesukraine.com\/lt\/about\/","title":{"rendered":"Apie mus"},"content":{"rendered":"<p>[et_pb_section fb_built=\u201c1&#8243; _builder_version=\u201c4.14.8&#8243; _module_preset=\u201cdefault\u201c background_color=\u201c#FFFFFF\u201c custom_padding=\u201c0px||||false|false\u201c global_colors_info=\u201c{}\u201c][et_pb_row use_custom_gutter=\u201con\u201c make_equal=\u201con\u201c _builder_version=\u201c4.14.8&#8243; _module_preset=\u201cdefault\u201c custom_margin=\u201c|||auto|false|false\u201c global_colors_info=\u201c{}\u201c][et_pb_column type=\u201c4_4&#8243; _builder_version=\u201c4.14.8&#8243; _module_preset=\u201cdefault\u201c global_colors_info=\u201c{}\u201c][et_pb_text _builder_version=\u201c4.14.8&#8243; _module_preset=\u201cdefault\u201c text_font=\u201c|300|||||||\u201c header_font=\u201c||||||||\u201c header_text_align=\u201ccenter\u201c background_color=\u201c#FFFFFF\u201c text_orientation=\u201ccenter\u201c custom_margin=\u201c-30px|||||\u201c custom_padding=\u201c25px|25px|25px|25px|true|true\u201c border_radii=\u201con|3px|3px|3px|3px\u201c global_colors_info=\u201c{}\u201c]<\/p>\n<h1><span style=\"font-weight: 400;\">Apie mus<\/span><\/h1>\n<p>[\/et_pb_text][et_pb_text _builder_version=\u201c4.14.8&#8243; _module_preset=\u201cdefault\u201c text_font=\u201c|300|||||||\u201c background_color=\u201c#FFFFFF\u201c width=\u201c60%\u201c width_tablet=\u201c100%\u201c width_phone=\u201c100%\u201c width_last_edited=\u201con|tablet\u201c module_alignment=\u201ccenter\u201c custom_margin=\u201c-30px|-1px||||\u201c custom_padding=\u201c25px||25px||true|false\u201c custom_padding_tablet=\u201c25px||25px||true|false\u201c custom_padding_phone=\u201c25px||25px||true|false\u201c custom_padding_last_edited=\u201con|tablet\u201c border_radii=\u201con|3px|3px|3px|3px\u201c global_colors_info=\u201c{}\u201c]<\/p>\n<p><span style=\"font-weight: 400;\">Mes \u2013 grup\u0117 profesionali\u0173 \u017eurnalis\u010di\u0173 (-t\u0173), redaktori\u0173, iliustratori\u0173, vert\u0117j\u0173, komunikacijos specialis\u010di\u0173 (-t\u0173) ir dizaineri\u0173. Mes renkame, u\u017era\u0161ome ir pasakojame \u017emoni\u0173 istorijas, kaip jie gyvena per plataus masto kar\u0105, kur\u012f Rusija prad\u0117jo prie\u0161 Ukrain\u0105.<\/span><\/p>\n<p><span style=\"font-weight: 400;\">\u00a0Kalbam\u0117s su \u017emon\u0117mis, kurie jau savait\u0117mis gyvena sl\u0117ptuv\u0117se ir r\u016bsiuose, neturi nei maisto, nei vandens, nei elektros. Kurie, rizikuodami savo gyvybe, bando i\u0161tr\u016bkti i\u0161 okupuot\u0173 ir apsupt\u0173 miest\u0173. Su tais, kurie prarado savo artimuosius per rus\u0173 kariuomen\u0117s vykdomus ap\u0161audymus ir bombardavimus. Tais, kurie priima moter\u0173 gimdymus r\u016bsiuose.<\/span><\/p>\n<p><span style=\"font-weight: 400;\">Fiksuojame kasdienyb\u0119, mintis ir emocijas \u017emoni\u0173, kurie jau neteko savo nam\u0173, kurie eina \u012f kar\u0105, savanoriauja, gina savus, bijo ir kovoja.<\/span><\/p>\n<p><span style=\"font-weight: 400;\">Istorijas ver\u010diame \u012f daugiau nei de\u0161imt kalb\u0173, kad Rusijos karo prie\u0161 Ukrain\u0105 veid\u0105 pamatyt\u0173 \u017emon\u0117s visame pasaulyje.<\/span><\/p>\n<p><span style=\"font-weight: 400;\">Mes taip pat raginame vis\u0173 \u0161ali\u0173 gyventojus i\u0161eiti \u012f protesto akcijas, reikalauti, kad j\u0173 vald\u017eia suteikt\u0173 Ukrainai l\u0117ktuvus ar u\u017edaryt\u0173 oro erdv\u0119. Raginame pad\u0117ti karo pab\u0117g\u0117liams i\u0161 Ukrainos, pla\u010diai skleisti informacij\u0105 apie Rusijos nusikaltimus, boikotuoti rusi\u0161kas prekes bei rus\u0173 kult\u016bros produkt\u0105, palaikyti ir remti savanorius ir aukoti pinigus organizacijoms, kurios padeda Ukrainai karo metu.<\/span><\/p>\n<p><span style=\"font-weight: 400;\">\u00a0Dalinkit\u0117s istorijomis su skaitytojais i\u0161 u\u017esienio. Skleiskite ties\u0105 apie tai, kas vyksta Ukrainoje. \u0160is karas yra kiekvieno ir kiekvienos reikalas \u2013 jame kariaujama u\u017e laisv\u0119 ir \u017emogi\u0161kum\u0105.<\/span><\/p>\n<p>[\/et_pb_text][\/et_pb_column][\/et_pb_row][\/et_pb_section]<\/p>\n","protected":false},"excerpt":{"rendered":"<p>Apie musMes \u2013 grup\u0117 profesionali\u0173 \u017eurnalis\u010di\u0173 (-t\u0173), redaktori\u0173, iliustratori\u0173, vert\u0117j\u0173, komunikacijos specialis\u010di\u0173 (-t\u0173) ir dizaineri\u0173. Mes renkame, u\u017era\u0161ome ir pasakojame \u017emoni\u0173 istorijas, kaip jie gyvena per plataus masto kar\u0105, kur\u012f Rusija prad\u0117jo prie\u0161 Ukrain\u0105. \u00a0Kalbam\u0117s su \u017emon\u0117mis, kurie jau savait\u0117mis gyvena sl\u0117ptuv\u0117se ir r\u016bsiuose, neturi nei maisto, nei vandens, nei elektros. Kurie, rizikuodami savo gyvybe, [&hellip;]<\/p>\n","protected":false},"author":2,"featured_media":237957,"parent":0,"menu_order":0,"comment_status":"closed","ping_status":"closed","template":"","meta":{"_et_pb_use_builder":"on","_et_pb_old_content":"<p>Hi there! A group of journalists, illustrators and translators in Ukraine have created pages on Facebook and Instagram titled War. Stories from Ukraine. They record and tell the stories of Ukrainian men and women who suddenly found themselves amid war\u2014 at 5 am on Thursday, February 24, just in their beds.<\/p><p>How do Ukrainians feel, what are they afraid of, what did they take with them as they were running away from their homes and why did they stay in cities currently attacked by Grad rocket launchers? What does their life look like under fire? Where do they find strength to help others? What are they afraid of and what do they dream about?<\/p><p>When they wake up, they don\u2019t know if they still have a home. Many no longer have it, and some are losing them for the second time: in 2014, they were forced to flee the Donetsk and Luhansk Regions and the Crimea which were occupied by Russia.<\/p><p>These people worked as waitresses, lawyers, owned grocery stores, drove a taxi, studied and lived the same life as everyone else in Europe. With the only difference that Russia was nearby.<\/p><p>Stories are now available in Ukrainian, English, French, German, Spanish, Lithuanian, Polish, Czech, and Swedish. Share these stories with your friends and acquaintances. War has a human face.<\/p><p>Facebook in English:<a href=\"https:\/\/www.facebook.com\/war.stories.from.ukraine\" target=\"_blank\" rel=\"noopener\"> https:\/\/www.facebook.com\/war.stories.from.ukraine<\/a><\/p><p>Instagram in Ukrainian, English, French, German, Spanish, Lithuanian, Polish, Czech and Swedish: <a title=\"https:\/\/www.instagram.com\/war.stories.from.ukraine\" href=\"https:\/\/www.instagram.com\/war.stories.from.ukraine\" target=\"_blank\" rel=\"noopener\">https:\/\/www.instagram.com\/war.stories.from.ukraine<\/a><\/p>","_et_gb_content_width":"","_links_to":"","_links_to_target":""},"_links":{"self":[{"href":"https:\/\/www.warstoriesukraine.com\/lt\/wp-json\/wp\/v2\/pages\/238593"}],"collection":[{"href":"https:\/\/www.warstoriesukraine.com\/lt\/wp-json\/wp\/v2\/pages"}],"about":[{"href":"https:\/\/www.warstoriesukraine.com\/lt\/wp-json\/wp\/v2\/types\/page"}],"author":[{"embeddable":true,"href":"https:\/\/www.warstoriesukraine.com\/lt\/wp-json\/wp\/v2\/users\/2"}],"replies":[{"embeddable":true,"href":"https:\/\/www.warstoriesukraine.com\/lt\/wp-json\/wp\/v2\/comments?post=238593"}],"version-history":[{"count":20,"href":"https:\/\/www.warstoriesukraine.com\/lt\/wp-json\/wp\/v2\/pages\/238593\/revisions"}],"predecessor-version":[{"id":244918,"href":"https:\/\/www.warstoriesukraine.com\/lt\/wp-json\/wp\/v2\/pages\/238593\/revisions\/244918"}],"wp:featuredmedia":[{"embeddable":true,"href":"https:\/\/www.warstoriesukraine.com\/lt\/wp-json\/wp\/v2\/media\/237957"}],"wp:attachment":[{"href":"https:\/\/www.warstoriesukraine.com\/lt\/wp-json\/wp\/v2\/media?parent=238593"}],"curies":[{"name":"wp","href":"https:\/\/api.w.org\/{rel}","templated":true}]}}