{"id":238596,"date":"2022-03-06T18:28:02","date_gmt":"2022-03-06T18:28:02","guid":{"rendered":"https:\/\/www.warstoriesukraine.com\/about\/"},"modified":"2022-04-11T11:51:31","modified_gmt":"2022-04-11T11:51:31","slug":"about","status":"publish","type":"page","link":"https:\/\/www.warstoriesukraine.com\/sv\/about\/","title":{"rendered":"Om oss"},"content":{"rendered":"<p>[et_pb_section fb_built=&#8221;1&#8243; _builder_version=&#8221;4.14.8&#8243; _module_preset=&#8221;default&#8221; background_color=&#8221;#FFFFFF&#8221; custom_padding=&#8221;0px||||false|false&#8221; global_colors_info=&#8221;{}&#8221;][et_pb_row use_custom_gutter=&#8221;on&#8221; make_equal=&#8221;on&#8221; _builder_version=&#8221;4.14.8&#8243; _module_preset=&#8221;default&#8221; custom_margin=&#8221;|||auto|false|false&#8221; global_colors_info=&#8221;{}&#8221;][et_pb_column type=&#8221;4_4&#8243; _builder_version=&#8221;4.14.8&#8243; _module_preset=&#8221;default&#8221; global_colors_info=&#8221;{}&#8221;][et_pb_text _builder_version=&#8221;4.14.8&#8243; _module_preset=&#8221;default&#8221; text_font=&#8221;|300|||||||&#8221; header_font=&#8221;||||||||&#8221; header_text_align=&#8221;center&#8221; background_color=&#8221;#FFFFFF&#8221; text_orientation=&#8221;center&#8221; custom_margin=&#8221;-30px|||||&#8221; custom_padding=&#8221;25px|25px|25px|25px|true|true&#8221; border_radii=&#8221;on|3px|3px|3px|3px&#8221; global_colors_info=&#8221;{}&#8221;]<\/p>\n<h1><span style=\"font-weight: 400;\">Om oss<\/span><\/h1>\n<p>[\/et_pb_text][et_pb_text _builder_version=&#8221;4.14.8&#8243; _module_preset=&#8221;default&#8221; text_font=&#8221;|300|||||||&#8221; background_color=&#8221;#FFFFFF&#8221; width=&#8221;60%&#8221; width_tablet=&#8221;100%&#8221; width_phone=&#8221;100%&#8221; width_last_edited=&#8221;on|tablet&#8221; module_alignment=&#8221;center&#8221; custom_margin=&#8221;-30px|-1px||||&#8221; custom_padding=&#8221;25px||25px||true|false&#8221; custom_padding_tablet=&#8221;25px||25px||true|false&#8221; custom_padding_phone=&#8221;25px||25px||true|false&#8221; custom_padding_last_edited=&#8221;on|tablet&#8221; border_radii=&#8221;on|3px|3px|3px|3px&#8221; global_colors_info=&#8221;{}&#8221;]<\/p>\n<p><span style=\"font-weight: 400;\">Vi \u00e4r ett team av professionella journalister, redakt\u00f6rer, illustrat\u00f6rer, \u00f6vers\u00e4ttare, kommunikat\u00f6rer och designer. Vi samlar in, sparar, ber\u00e4ttar och delar ut historier om m\u00e4nniskor under det fullskaliga krig som Ryssland har inlett mot Ukraina.<\/span><\/p>\n<p><span style=\"font-weight: 400;\">Vi pratar med m\u00e4nniskor som har bott i h\u00e4rb\u00e4rgen och k\u00e4llare i veckor. De har inte tillg\u00e5ng till vatten, mat och el. Med risk f\u00f6r sina liv f\u00f6rs\u00f6ker de ta sig ut ur de ockuperade och omgivna st\u00e4derna. De f\u00f6rlorade sl\u00e4ktingar under beskjutningen och bombningarna av deras st\u00e4der av ryska milit\u00e4ren. Kvinnor f\u00f6der barn i k\u00e4llare.<\/span><\/p>\n<p><span style=\"font-weight: 400;\">Vi samlar livet, tankarna och k\u00e4nslorna av m\u00e4nniskor som redan har f\u00f6rlorat sitt hem, g\u00e5r ut i krig, st\u00e4ller upp som frivilliga, skyddar sina egna, r\u00e4dslor och k\u00e4mpar.<\/span><\/p>\n<p><span style=\"font-weight: 400;\">Vi \u00f6vers\u00e4tter ber\u00e4ttelser till mer \u00e4n tio spr\u00e5k s\u00e5 att m\u00e4nniskor runt om i v\u00e4rlden kan se det m\u00e4nskliga ansiktet av Rysslands krig i Ukraina.<\/span><\/p>\n<p><span style=\"font-weight: 400;\">Vi uppmanar ocks\u00e5 utl\u00e4nningar i alla l\u00e4nder att protestera, kr\u00e4va att deras regeringar ska tillhandah\u00e5lla flygplan eller n\u00e4ra himmel till Ukraina, st\u00f6dja flyktingar fr\u00e5n Ukraina, sprida information om brott, bojkotta ryska varor och kulturprodukter, st\u00f6dja frivilliga och st\u00f6dja organisationer, som hj\u00e4lper Ukraina.<\/span><\/p>\n<p><span style=\"font-weight: 400;\">Dela ber\u00e4ttelser ut utomlands. Sprid information om vad som h\u00e4nder i Ukraina. Detta krig ber\u00f6r alla \u2013 det \u00e4r ett krig f\u00f6r frihet och m\u00e4nsklighet.<\/span><\/p>\n<p>[\/et_pb_text][\/et_pb_column][\/et_pb_row][\/et_pb_section]<\/p>\n","protected":false},"excerpt":{"rendered":"<p>Om ossVi \u00e4r ett team av professionella journalister, redakt\u00f6rer, illustrat\u00f6rer, \u00f6vers\u00e4ttare, kommunikat\u00f6rer och designer. Vi samlar in, sparar, ber\u00e4ttar och delar ut historier om m\u00e4nniskor under det fullskaliga krig som Ryssland har inlett mot Ukraina. Vi pratar med m\u00e4nniskor som har bott i h\u00e4rb\u00e4rgen och k\u00e4llare i veckor. De har inte tillg\u00e5ng till vatten, mat [&hellip;]<\/p>\n","protected":false},"author":2,"featured_media":238133,"parent":0,"menu_order":0,"comment_status":"closed","ping_status":"closed","template":"","meta":{"_et_pb_use_builder":"on","_et_pb_old_content":"<p>Hi there! A group of journalists, illustrators and translators in Ukraine have created pages on Facebook and Instagram titled War. Stories from Ukraine. They record and tell the stories of Ukrainian men and women who suddenly found themselves amid war\u2014 at 5 am on Thursday, February 24, just in their beds.<\/p><p>How do Ukrainians feel, what are they afraid of, what did they take with them as they were running away from their homes and why did they stay in cities currently attacked by Grad rocket launchers? What does their life look like under fire? Where do they find strength to help others? What are they afraid of and what do they dream about?<\/p><p>When they wake up, they don\u2019t know if they still have a home. Many no longer have it, and some are losing them for the second time: in 2014, they were forced to flee the Donetsk and Luhansk Regions and the Crimea which were occupied by Russia.<\/p><p>These people worked as waitresses, lawyers, owned grocery stores, drove a taxi, studied and lived the same life as everyone else in Europe. With the only difference that Russia was nearby.<\/p><p>Stories are now available in Ukrainian, English, French, German, Spanish, Lithuanian, Polish, Czech, and Swedish. Share these stories with your friends and acquaintances. War has a human face.<\/p><p>Facebook in English:<a href=\"https:\/\/www.facebook.com\/war.stories.from.ukraine\" target=\"_blank\" rel=\"noopener\"> https:\/\/www.facebook.com\/war.stories.from.ukraine<\/a><\/p><p>Instagram in Ukrainian, English, French, German, Spanish, Lithuanian, Polish, Czech and Swedish: <a title=\"https:\/\/www.instagram.com\/war.stories.from.ukraine\" href=\"https:\/\/www.instagram.com\/war.stories.from.ukraine\" target=\"_blank\" rel=\"noopener\">https:\/\/www.instagram.com\/war.stories.from.ukraine<\/a><\/p>","_et_gb_content_width":"","_links_to":"","_links_to_target":""},"_links":{"self":[{"href":"https:\/\/www.warstoriesukraine.com\/sv\/wp-json\/wp\/v2\/pages\/238596"}],"collection":[{"href":"https:\/\/www.warstoriesukraine.com\/sv\/wp-json\/wp\/v2\/pages"}],"about":[{"href":"https:\/\/www.warstoriesukraine.com\/sv\/wp-json\/wp\/v2\/types\/page"}],"author":[{"embeddable":true,"href":"https:\/\/www.warstoriesukraine.com\/sv\/wp-json\/wp\/v2\/users\/2"}],"replies":[{"embeddable":true,"href":"https:\/\/www.warstoriesukraine.com\/sv\/wp-json\/wp\/v2\/comments?post=238596"}],"version-history":[{"count":20,"href":"https:\/\/www.warstoriesukraine.com\/sv\/wp-json\/wp\/v2\/pages\/238596\/revisions"}],"predecessor-version":[{"id":244915,"href":"https:\/\/www.warstoriesukraine.com\/sv\/wp-json\/wp\/v2\/pages\/238596\/revisions\/244915"}],"wp:featuredmedia":[{"embeddable":true,"href":"https:\/\/www.warstoriesukraine.com\/sv\/wp-json\/wp\/v2\/media\/238133"}],"wp:attachment":[{"href":"https:\/\/www.warstoriesukraine.com\/sv\/wp-json\/wp\/v2\/media?parent=238596"}],"curies":[{"name":"wp","href":"https:\/\/api.w.org\/{rel}","templated":true}]}}