{"id":239490,"date":"2022-03-06T18:28:02","date_gmt":"2022-03-06T18:28:02","guid":{"rendered":"https:\/\/www.warstoriesukraine.com\/about\/"},"modified":"2022-04-11T11:47:17","modified_gmt":"2022-04-11T11:47:17","slug":"about","status":"publish","type":"page","link":"https:\/\/www.warstoriesukraine.com\/tr\/about\/","title":{"rendered":"Hakk\u0131m\u0131zda"},"content":{"rendered":"<p>[et_pb_section fb_built=&#8221;1&#8243; _builder_version=&#8221;4.14.8&#8243; _module_preset=&#8221;default&#8221; background_color=&#8221;#FFFFFF&#8221; custom_padding=&#8221;0px||||false|false&#8221; global_colors_info=&#8221;{}&#8221;][et_pb_row use_custom_gutter=&#8221;on&#8221; make_equal=&#8221;on&#8221; _builder_version=&#8221;4.14.8&#8243; _module_preset=&#8221;default&#8221; background_color=&#8221;#FFFFFF&#8221; global_colors_info=&#8221;{}&#8221;][et_pb_column type=&#8221;4_4&#8243; _builder_version=&#8221;4.14.8&#8243; _module_preset=&#8221;default&#8221; global_colors_info=&#8221;{}&#8221;][et_pb_text _builder_version=&#8221;4.14.8&#8243; _module_preset=&#8221;default&#8221; text_font=&#8221;|600|||||||&#8221; background_color=&#8221;#FFFFFF&#8221; custom_margin=&#8221;-30px|||||&#8221; custom_padding=&#8221;25px|25px|25px|25px|true|true&#8221; border_radii=&#8221;on|3px|3px|3px|3px&#8221; global_colors_info=&#8221;{}&#8221;]<\/p>\n<h1 style=\"text-align: center;\"><span style=\"font-weight: 400;\">Hakk\u0131m\u0131zda<\/span><strong><\/strong><\/h1>\n<p>[\/et_pb_text][et_pb_text _builder_version=&#8221;4.14.8&#8243; _module_preset=&#8221;default&#8221; text_font=&#8221;|300|||||||&#8221; background_color=&#8221;#FFFFFF&#8221; width=&#8221;60%&#8221; width_tablet=&#8221;100%&#8221; width_phone=&#8221;100%&#8221; width_last_edited=&#8221;on|tablet&#8221; module_alignment=&#8221;center&#8221; custom_margin=&#8221;-30px|-1px||||&#8221; custom_padding=&#8221;25px||25px||true|false&#8221; custom_padding_tablet=&#8221;25px||25px||true|false&#8221; custom_padding_phone=&#8221;25px||25px||true|false&#8221; custom_padding_last_edited=&#8221;on|tablet&#8221; hover_enabled=&#8221;0&#8243; border_radii=&#8221;on|3px|3px|3px|3px&#8221; global_colors_info=&#8221;{}&#8221; sticky_enabled=&#8221;0&#8243;]<\/p>\n<p><span style=\"font-weight: 400;\">Biz profesyonel gazeteciler, edit\u00f6rler, ill\u00fcstrat\u00f6rler, \u00e7evirmenler, ileti\u015fimciler ve tasar\u0131mc\u0131lardan olu\u015fan bir grubuz. Rusya&#8217;n\u0131n Ukrayna&#8217;ya kar\u015f\u0131 ba\u015flatt\u0131\u011f\u0131 tam \u00f6l\u00e7elikli\u00a0 bir sava\u015f s\u0131ras\u0131nda insanlar\u0131n hikayelerini topluyor, kaydediyor ve anlat\u0131yoruz.<\/span><\/p>\n<p><span style=\"font-weight: 400;\">Haftalarca s\u0131\u011f\u0131naklarda ve bodrum katlar\u0131nda ya\u015fayan insanlarla konu\u015fuyoruz. Onlar\u0131na suya, yiyece\u011fe ve elektri\u011fe eri\u015fimleri yok. Hayatlar\u0131 pahas\u0131na i\u015fgal edilmi\u015f ve ku\u015fat\u0131lm\u0131\u015f kasabalardan kurtulmaya \u00e7al\u0131\u015f\u0131rlar. Rus ordusu taraf\u0131ndan \u015fehirlerinin bombaland\u0131\u011f\u0131 ve ate\u015f edildi\u011fi zamanda sevdiklerini kaybettiler. Bodrumlarda kad\u0131nlara do\u011furmaya yard\u0131m ediyorlar.<\/span><\/p>\n<p><span style=\"font-weight: 400;\">Evini kaybetmi\u015f, sava\u015fa giden, g\u00f6n\u00fcll\u00fc olan, kendi can\u0131n\u0131 koruyan, korkutan ve sava\u015fan insanlar\u0131n hayatlar\u0131n\u0131, d\u00fc\u015f\u00fcncelerini ve duygular\u0131n\u0131 kay\u0131t alt\u0131na al\u0131yoruz.<\/span><\/p>\n<p><span style=\"font-weight: 400;\">Hikayeleri ondan fazla dile \u00e7eviriyoruz, b\u00f6ylece d\u00fcnyan\u0131n d\u00f6rt bir yan\u0131ndaki insanlar Rusya&#8217;n\u0131n Ukrayna&#8217;ya kar\u015f\u0131 sava\u015f\u0131n\u0131n insani y\u00fcz\u00fcn\u00fc g\u00f6rebiliyor.<\/span><\/p>\n<p><span style=\"font-weight: 400;\">Ayr\u0131ca t\u00fcm \u00fclkelerdeki yabanc\u0131lar\u0131 protesto etmeye, h\u00fck\u00fcmetlerinden Ukrayna&#8217;y\u0131 u\u00e7aklarla sa\u011flamas\u0131n\u0131 beya g\u00f6ky\u00fcn\u00fcz\u00fc kapat\u0131lmas\u0131n\u0131, Ukrayna&#8217;dan gelen m\u00fcltecileri desteklemesini, su\u00e7lar hakk\u0131nda bilgi yaymas\u0131n\u0131, Rus mallar\u0131n\u0131 ve Rus k\u00fclt\u00fcrel \u00fcr\u00fcnlerini boykot etmesini, Sava\u015f s\u0131ras\u0131nda Ukrayna\u2019y\u0131 destekleyen g\u00f6n\u00fcll\u00fcleri desteklemesini ve kurulu\u015flara parayla yard\u0131m etmesini talep ediyoruz.\u00a0<\/span><\/p>\n<p><span style=\"font-weight: 400;\">Yurtd\u0131\u015f\u0131nda olan insanlara hikayelerimizi payla\u015f\u0131n. Ukrayna\u2019daki olaylar\u0131 hakk\u0131nda ger\u00e7e\u011fi yay\u0131n. Bu sava\u015f herkesi ilgilendirir &#8211; \u00f6zg\u00fcrl\u00fck ve insanl\u0131k i\u00e7in bir sava\u015ft\u0131r.<\/span><\/p>\n<p>[\/et_pb_text][\/et_pb_column][\/et_pb_row][\/et_pb_section]<\/p>\n","protected":false},"excerpt":{"rendered":"<p>Hakk\u0131m\u0131zdaBiz profesyonel gazeteciler, edit\u00f6rler, ill\u00fcstrat\u00f6rler, \u00e7evirmenler, ileti\u015fimciler ve tasar\u0131mc\u0131lardan olu\u015fan bir grubuz. Rusya&#8217;n\u0131n Ukrayna&#8217;ya kar\u015f\u0131 ba\u015flatt\u0131\u011f\u0131 tam \u00f6l\u00e7elikli\u00a0 bir sava\u015f s\u0131ras\u0131nda insanlar\u0131n hikayelerini topluyor, kaydediyor ve anlat\u0131yoruz. Haftalarca s\u0131\u011f\u0131naklarda ve bodrum katlar\u0131nda ya\u015fayan insanlarla konu\u015fuyoruz. Onlar\u0131na suya, yiyece\u011fe ve elektri\u011fe eri\u015fimleri yok. Hayatlar\u0131 pahas\u0131na i\u015fgal edilmi\u015f ve ku\u015fat\u0131lm\u0131\u015f kasabalardan kurtulmaya \u00e7al\u0131\u015f\u0131rlar. Rus ordusu taraf\u0131ndan \u015fehirlerinin [&hellip;]<\/p>\n","protected":false},"author":2,"featured_media":238927,"parent":0,"menu_order":0,"comment_status":"closed","ping_status":"closed","template":"","meta":{"_et_pb_use_builder":"on","_et_pb_old_content":"<p>Hi there! A group of journalists, illustrators and translators in Ukraine have created pages on Facebook and Instagram titled War. Stories from Ukraine. They record and tell the stories of Ukrainian men and women who suddenly found themselves amid war\u2014 at 5 am on Thursday, February 24, just in their beds.<\/p><p>How do Ukrainians feel, what are they afraid of, what did they take with them as they were running away from their homes and why did they stay in cities currently attacked by Grad rocket launchers? What does their life look like under fire? Where do they find strength to help others? What are they afraid of and what do they dream about?<\/p><p>When they wake up, they don\u2019t know if they still have a home. Many no longer have it, and some are losing them for the second time: in 2014, they were forced to flee the Donetsk and Luhansk Regions and the Crimea which were occupied by Russia.<\/p><p>These people worked as waitresses, lawyers, owned grocery stores, drove a taxi, studied and lived the same life as everyone else in Europe. With the only difference that Russia was nearby.<\/p><p>Stories are now available in Ukrainian, English, French, German, Spanish, Lithuanian, Polish, Czech, and Swedish. Share these stories with your friends and acquaintances. War has a human face.<\/p><p>Facebook in English:<a href=\"https:\/\/www.facebook.com\/war.stories.from.ukraine\" target=\"_blank\" rel=\"noopener\"> https:\/\/www.facebook.com\/war.stories.from.ukraine<\/a><\/p><p>Instagram in Ukrainian, English, French, German, Spanish, Lithuanian, Polish, Czech and Swedish: <a title=\"https:\/\/www.instagram.com\/war.stories.from.ukraine\" href=\"https:\/\/www.instagram.com\/war.stories.from.ukraine\" target=\"_blank\" rel=\"noopener\">https:\/\/www.instagram.com\/war.stories.from.ukraine<\/a><\/p>","_et_gb_content_width":"","_links_to":"","_links_to_target":""},"_links":{"self":[{"href":"https:\/\/www.warstoriesukraine.com\/tr\/wp-json\/wp\/v2\/pages\/239490"}],"collection":[{"href":"https:\/\/www.warstoriesukraine.com\/tr\/wp-json\/wp\/v2\/pages"}],"about":[{"href":"https:\/\/www.warstoriesukraine.com\/tr\/wp-json\/wp\/v2\/types\/page"}],"author":[{"embeddable":true,"href":"https:\/\/www.warstoriesukraine.com\/tr\/wp-json\/wp\/v2\/users\/2"}],"replies":[{"embeddable":true,"href":"https:\/\/www.warstoriesukraine.com\/tr\/wp-json\/wp\/v2\/comments?post=239490"}],"version-history":[{"count":8,"href":"https:\/\/www.warstoriesukraine.com\/tr\/wp-json\/wp\/v2\/pages\/239490\/revisions"}],"predecessor-version":[{"id":244911,"href":"https:\/\/www.warstoriesukraine.com\/tr\/wp-json\/wp\/v2\/pages\/239490\/revisions\/244911"}],"wp:featuredmedia":[{"embeddable":true,"href":"https:\/\/www.warstoriesukraine.com\/tr\/wp-json\/wp\/v2\/media\/238927"}],"wp:attachment":[{"href":"https:\/\/www.warstoriesukraine.com\/tr\/wp-json\/wp\/v2\/media?parent=239490"}],"curies":[{"name":"wp","href":"https:\/\/api.w.org\/{rel}","templated":true}]}}